{"id":110,"date":"2016-07-17T06:37:06","date_gmt":"2016-07-17T04:37:06","guid":{"rendered":"http:\/\/ekdesign.ee\/?page_id=110"},"modified":"2025-03-06T18:11:14","modified_gmt":"2025-03-06T16:11:14","slug":"dekoratsioonid","status":"publish","type":"page","link":"https:\/\/ekdesign.ee\/?page_id=110","title":{"rendered":"K\u00fcsimused, mida me sageli esitame"},"content":{"rendered":"\n<div class=\"wp-block-columns alignfull suur has-background is-layout-flex wp-container-core-columns-is-layout-db27d905 wp-block-columns-is-layout-flex\" style=\"background-color:#381459;margin-top:0;margin-bottom:0;padding-top:0;padding-right:0;padding-bottom:0;padding-left:0\">\n<div class=\"wp-block-column hind has-background is-layout-flow wp-block-column-is-layout-flow\" style=\"background:linear-gradient(164deg,rgb(58,16,142) 0%,rgb(151,73,32) 100%);padding-top:var(--wp--preset--spacing--80);padding-right:var(--wp--preset--spacing--70);padding-bottom:var(--wp--preset--spacing--80);padding-left:var(--wp--preset--spacing--70)\">\n<div style=\"height:100px\" aria-hidden=\"true\" class=\"wp-block-spacer\"><\/div>\n\n\n\n<h2 class=\"wp-block-heading\">K\u00fcsimused, mida me sageli esitame<\/h2>\n\n\n\n<p>S\u00fcndmuse planeerimine on t\u00f5sine t\u00f6\u00f6 \u2013 sealjuures on kujundus vaid \u00fcks osa suuremast pildist. Luba, et ulatame abik\u00e4e \u2013 j\u00e4rgnevalt rida tavalisemad k\u00fcsimusi, mida kliendid meilt kuulevad:<\/p>\n<\/div>\n\n\n\n<div class=\"wp-block-column hind is-layout-flow wp-block-column-is-layout-flow\" style=\"padding-top:var(--wp--preset--spacing--80);padding-right:var(--wp--preset--spacing--70);padding-bottom:var(--wp--preset--spacing--80);padding-left:var(--wp--preset--spacing--70)\">\n<div style=\"height:40px\" aria-hidden=\"true\" class=\"wp-block-spacer\"><\/div>\n\n\n\n<ul class=\"wp-block-list\">\n<li><strong>Peoruumi suurus<\/strong> ja <strong>k\u00fclaliste arv;<\/strong><\/li>\n\n\n\n<li><strong>Kuup\u00e4ev ja koht<\/strong> \u2013 m\u00f5istlik on broneerida aegsasti!<\/li>\n\n\n\n<li>Mida on ruumi juures vaja <strong>muuta-t\u00e4iendada-parandada;<\/strong><\/li>\n\n\n\n<li>Mis on s\u00fcndmuse <strong>teema ja stiil,<\/strong> millise esmamulje soovid kujundusega j\u00e4tta;<\/li>\n\n\n\n<li><strong>Ettevalmistuse ja koristuse aeg;<\/strong> millal paiguatakse dekoratsioonid, valgus- ja helitehnika, millal tegutseb catering ja toimuvad proovid;<\/li>\n\n\n\n<li><strong>Kui k\u00f5rge<\/strong> on lagi? Kas valgustaja riputab sinna stangesid? Kas kasutatakse <strong>videoprojektorit<\/strong> ja kas ruumi l\u00e4bib valguskiiri, mida ei tohi blokeerida? Kas laes ripub <strong>akrobaate<\/strong> v\u00f5i tehakse laval <strong>tulev\u00e4rki?<\/strong><\/li>\n\n\n\n<li>Millistesse piiridesse peaks j\u00e4\u00e4ma <strong>eelarve?<\/strong><\/li>\n\n\n\n<li>Abi v\u00f5ib olla ka detailsemast <a href=\"https:\/\/ekdesign.ee\/?page_id=93\" data-type=\"page\" data-id=\"93\"><strong>pildiotsingust<\/strong><\/a>, kus saad valida erinevate&nbsp;s\u00fcndmuset\u00fc\u00fcpide, peopaikade, teemade, dekoratsiooniv\u00f5tete ja v\u00e4rvide vahel.<\/li>\n\n\n\n<li><strong>Kui n\u00e4gemus hakkab kuju v\u00fctma, on \u00f5ige aeg meile <a href=\"https:\/\/ekdesign.ee\/?page_id=8\" data-type=\"page\" data-id=\"8\">helistada<\/a> v\u00f5i <a href=\"mailto:info@ekdesign.ee\">kirjutada<\/a>!<\/strong><\/li>\n<\/ul>\n<\/div>\n<\/div>\n","protected":false},"excerpt":{"rendered":"<p>K\u00fcsimused, mida me sageli esitame S\u00fcndmuse planeerimine on t\u00f5sine t\u00f6\u00f6 \u2013 sealjuures on kujundus vaid \u00fcks osa suuremast pildist. Luba, [&hellip;]<\/p>\n","protected":false},"author":1,"featured_media":0,"parent":0,"menu_order":0,"comment_status":"closed","ping_status":"closed","template":"","meta":{"_uag_custom_page_level_css":"","site-sidebar-layout":"default","site-content-layout":"","ast-site-content-layout":"default","site-content-style":"default","site-sidebar-style":"default","ast-global-header-display":"","ast-banner-title-visibility":"","ast-main-header-display":"","ast-hfb-above-header-display":"","ast-hfb-below-header-display":"","ast-hfb-mobile-header-display":"","site-post-title":"","ast-breadcrumbs-content":"","ast-featured-img":"","footer-sml-layout":"","theme-transparent-header-meta":"","adv-header-id-meta":"","stick-header-meta":"","header-above-stick-meta":"","header-main-stick-meta":"","header-below-stick-meta":"","astra-migrate-meta-layouts":"default","ast-page-background-enabled":"default","ast-page-background-meta":{"desktop":{"background-color":"var(--ast-global-color-5)","background-image":"","background-repeat":"repeat","background-position":"center center","background-size":"auto","background-attachment":"scroll","background-type":"","background-media":"","overlay-type":"","overlay-color":"","overlay-opacity":"","overlay-gradient":""},"tablet":{"background-color":"","background-image":"","background-repeat":"repeat","background-position":"center center","background-size":"auto","background-attachment":"scroll","background-type":"","background-media":"","overlay-type":"","overlay-color":"","overlay-opacity":"","overlay-gradient":""},"mobile":{"background-color":"","background-image":"","background-repeat":"repeat","background-position":"center center","background-size":"auto","background-attachment":"scroll","background-type":"","background-media":"","overlay-type":"","overlay-color":"","overlay-opacity":"","overlay-gradient":""}},"ast-content-background-meta":{"desktop":{"background-color":"var(--ast-global-color-4)","background-image":"","background-repeat":"repeat","background-position":"center center","background-size":"auto","background-attachment":"scroll","background-type":"","background-media":"","overlay-type":"","overlay-color":"","overlay-opacity":"","overlay-gradient":""},"tablet":{"background-color":"var(--ast-global-color-4)","background-image":"","background-repeat":"repeat","background-position":"center center","background-size":"auto","background-attachment":"scroll","background-type":"","background-media":"","overlay-type":"","overlay-color":"","overlay-opacity":"","overlay-gradient":""},"mobile":{"background-color":"var(--ast-global-color-4)","background-image":"","background-repeat":"repeat","background-position":"center center","background-size":"auto","background-attachment":"scroll","background-type":"","background-media":"","overlay-type":"","overlay-color":"","overlay-opacity":"","overlay-gradient":""}},"footnotes":""},"class_list":["post-110","page","type-page","status-publish","hentry"],"uagb_featured_image_src":{"full":false,"thumbnail":false,"medium":false,"medium_large":false,"large":false,"1536x1536":false,"2048x2048":false},"uagb_author_info":{"display_name":"admin","author_link":"https:\/\/ekdesign.ee\/?author=1"},"uagb_comment_info":0,"uagb_excerpt":"K\u00fcsimused, mida me sageli esitame S\u00fcndmuse planeerimine on t\u00f5sine t\u00f6\u00f6 \u2013 sealjuures on kujundus vaid \u00fcks osa suuremast pildist. Luba, [&hellip;]","rttpg_featured_image_url":null,"rttpg_author":{"display_name":"admin","author_link":"https:\/\/ekdesign.ee\/?author=1"},"rttpg_comment":0,"rttpg_category":" <a href=\"https:\/\/ekdesign.ee\/\" rel=\"tag\">Eesti<\/a>","rttpg_excerpt":"K\u00fcsimused, mida me sageli esitame S\u00fcndmuse planeerimine on t\u00f5sine t\u00f6\u00f6 \u2013 sealjuures on kujundus vaid \u00fcks osa suuremast pildist. Luba, [&hellip;]","_links":{"self":[{"href":"https:\/\/ekdesign.ee\/index.php?rest_route=\/wp\/v2\/pages\/110","targetHints":{"allow":["GET"]}}],"collection":[{"href":"https:\/\/ekdesign.ee\/index.php?rest_route=\/wp\/v2\/pages"}],"about":[{"href":"https:\/\/ekdesign.ee\/index.php?rest_route=\/wp\/v2\/types\/page"}],"author":[{"embeddable":true,"href":"https:\/\/ekdesign.ee\/index.php?rest_route=\/wp\/v2\/users\/1"}],"replies":[{"embeddable":true,"href":"https:\/\/ekdesign.ee\/index.php?rest_route=%2Fwp%2Fv2%2Fcomments&post=110"}],"version-history":[{"count":59,"href":"https:\/\/ekdesign.ee\/index.php?rest_route=\/wp\/v2\/pages\/110\/revisions"}],"predecessor-version":[{"id":4558,"href":"https:\/\/ekdesign.ee\/index.php?rest_route=\/wp\/v2\/pages\/110\/revisions\/4558"}],"wp:attachment":[{"href":"https:\/\/ekdesign.ee\/index.php?rest_route=%2Fwp%2Fv2%2Fmedia&parent=110"}],"curies":[{"name":"wp","href":"https:\/\/api.w.org\/{rel}","templated":true}]}}