{"id":112,"date":"2016-07-17T06:36:51","date_gmt":"2016-07-17T04:36:51","guid":{"rendered":"http:\/\/ekdesign.ee\/?page_id=112"},"modified":"2025-10-23T12:23:35","modified_gmt":"2025-10-23T10:23:35","slug":"fotograaf","status":"publish","type":"page","link":"https:\/\/ekdesign.ee\/?page_id=112","title":{"rendered":"Fotograaf"},"content":{"rendered":"\n<div style=\"height:100px\" aria-hidden=\"true\" class=\"wp-block-spacer\"><\/div>\n\n\n\n<div class=\"wp-block-columns alignfull is-layout-flex wp-container-core-columns-is-layout-28f84493 wp-block-columns-is-layout-flex\">\n<div class=\"wp-block-column is-layout-flow wp-block-column-is-layout-flow\" style=\"flex-basis:50%\">\n<h2 class=\"wp-block-heading has-ast-global-color-4-color has-text-color has-link-color wp-elements-2bf903f8dbcd91e14f5a1e0a21ef4160\">Fotograaf<\/h2>\n\n\n\n<p class=\"has-ast-global-color-4-color has-text-color has-link-color wp-elements-8e4a86b5b81042b1f54087c89f6e6239\" style=\"line-height:1.5\">Pikaajalise kogemusega fotograaf Mati Hiis j\u00e4\u00e4dvustab teie s\u00fcndmuse v\u00e4rvikamad hetked!<\/p>\n\n\n\n<p class=\"has-ast-global-color-4-color has-text-color has-link-color wp-elements-051b2840c4f456e28005248967147712\" style=\"line-height:1.5\">Kui otsid fotot kodu v\u00f5i kontori seinale, siis vaata <a href=\"https:\/\/matihiis.ee\" target=\"_blank\" rel=\"noreferrer noopener\">siia:<\/a><\/p>\n<\/div>\n\n\n\n<div class=\"wp-block-column is-layout-flow wp-block-column-is-layout-flow\" style=\"flex-basis:50%\">\n<figure class=\"wp-block-image alignright is-resized is-style-rounded\"><img loading=\"lazy\" decoding=\"async\" width=\"300\" height=\"300\" src=\"http:\/\/ekdesign.ee\/wp-content\/uploads\/mati-300x300.jpg\" alt=\"mati\" class=\"wp-image-33\" style=\"width:220px;height:auto\"\/><\/figure>\n<\/div>\n<\/div>\n\n\n\n<div class=\"wp-block-columns alignfull has-ast-global-color-8-background-color has-background is-layout-flex wp-container-core-columns-is-layout-a5331a9e wp-block-columns-is-layout-flex\" style=\"padding-top:0;padding-right:0;padding-bottom:0;padding-left:0\">\n<div class=\"wp-block-column is-layout-flow wp-block-column-is-layout-flow\" style=\"flex-basis:100%\">\n<figure class=\"wp-block-gallery alignwide has-nested-images columns-6 is-cropped uag-masonry uagb-block-5ec9cd0e wp-block-gallery-1 is-layout-flex wp-block-gallery-is-layout-flex\">\n<figure class=\"wp-block-image size-thumbnail\"><a href=\"https:\/\/ekdesign.ee\/wp-content\/uploads\/altar.jpg\"><img loading=\"lazy\" decoding=\"async\" width=\"300\" height=\"300\" data-id=\"1166\" src=\"https:\/\/ekdesign.ee\/wp-content\/uploads\/altar-300x300.jpg\" alt=\"\" class=\"wp-image-1166\"\/><\/a><\/figure>\n\n\n\n<figure class=\"wp-block-image size-thumbnail\"><a href=\"https:\/\/ekdesign.ee\/wp-content\/uploads\/paar.jpg\"><img loading=\"lazy\" decoding=\"async\" width=\"300\" height=\"300\" data-id=\"1197\" src=\"https:\/\/ekdesign.ee\/wp-content\/uploads\/paar-300x300.jpg\" alt=\"\" class=\"wp-image-1197\"\/><\/a><\/figure>\n\n\n\n<figure class=\"wp-block-image size-thumbnail\"><a href=\"https:\/\/ekdesign.ee\/wp-content\/uploads\/roller.jpg\"><img loading=\"lazy\" decoding=\"async\" width=\"300\" height=\"300\" data-id=\"1198\" src=\"https:\/\/ekdesign.ee\/wp-content\/uploads\/roller-300x300.jpg\" alt=\"\" class=\"wp-image-1198\"\/><\/a><\/figure>\n\n\n\n<figure class=\"wp-block-image size-thumbnail\"><a href=\"https:\/\/ekdesign.ee\/wp-content\/uploads\/grupp.jpg\"><img loading=\"lazy\" decoding=\"async\" width=\"300\" height=\"300\" data-id=\"1168\" src=\"https:\/\/ekdesign.ee\/wp-content\/uploads\/grupp-300x300.jpg\" alt=\"\" class=\"wp-image-1168\"\/><\/a><\/figure>\n\n\n\n<figure class=\"wp-block-image size-thumbnail\"><a href=\"https:\/\/ekdesign.ee\/wp-content\/uploads\/auto2.jpg\"><img loading=\"lazy\" decoding=\"async\" width=\"300\" height=\"300\" data-id=\"1167\" src=\"https:\/\/ekdesign.ee\/wp-content\/uploads\/auto2-300x300.jpg\" alt=\"\" class=\"wp-image-1167\"\/><\/a><\/figure>\n\n\n\n<figure class=\"wp-block-image size-thumbnail\"><a href=\"https:\/\/ekdesign.ee\/wp-content\/uploads\/sadamas.jpg\"><img loading=\"lazy\" decoding=\"async\" width=\"300\" height=\"300\" data-id=\"1199\" src=\"https:\/\/ekdesign.ee\/wp-content\/uploads\/sadamas-300x300.jpg\" alt=\"\" class=\"wp-image-1199\"\/><\/a><\/figure>\n\n\n\n<figure class=\"wp-block-image size-thumbnail\"><a href=\"https:\/\/ekdesign.ee\/wp-content\/uploads\/civ01.jpg\"><img loading=\"lazy\" decoding=\"async\" width=\"300\" height=\"300\" data-id=\"1202\" src=\"https:\/\/ekdesign.ee\/wp-content\/uploads\/civ01-300x300.jpg\" alt=\"\" class=\"wp-image-1202\"\/><\/a><\/figure>\n\n\n\n<figure class=\"wp-block-image size-thumbnail\"><a href=\"https:\/\/ekdesign.ee\/wp-content\/uploads\/civ02.jpg\"><img loading=\"lazy\" decoding=\"async\" width=\"300\" height=\"300\" data-id=\"1203\" src=\"https:\/\/ekdesign.ee\/wp-content\/uploads\/civ02-300x300.jpg\" alt=\"\" class=\"wp-image-1203\"\/><\/a><\/figure>\n\n\n\n<figure class=\"wp-block-image size-thumbnail\"><a href=\"https:\/\/ekdesign.ee\/wp-content\/uploads\/civ03.jpg\"><img loading=\"lazy\" decoding=\"async\" width=\"300\" height=\"300\" data-id=\"1204\" src=\"https:\/\/ekdesign.ee\/wp-content\/uploads\/civ03-300x300.jpg\" alt=\"\" class=\"wp-image-1204\"\/><\/a><\/figure>\n\n\n\n<figure class=\"wp-block-image size-thumbnail\"><a href=\"https:\/\/ekdesign.ee\/wp-content\/uploads\/aken01.jpg\"><img loading=\"lazy\" decoding=\"async\" width=\"300\" height=\"300\" data-id=\"1207\" src=\"https:\/\/ekdesign.ee\/wp-content\/uploads\/aken01-300x300.jpg\" alt=\"\" class=\"wp-image-1207\"\/><\/a><\/figure>\n\n\n\n<figure class=\"wp-block-image size-thumbnail\"><a href=\"https:\/\/ekdesign.ee\/wp-content\/uploads\/aken02.jpg\"><img loading=\"lazy\" decoding=\"async\" width=\"300\" height=\"300\" data-id=\"1208\" src=\"https:\/\/ekdesign.ee\/wp-content\/uploads\/aken02-300x300.jpg\" alt=\"\" class=\"wp-image-1208\"\/><\/a><\/figure>\n\n\n\n<figure class=\"wp-block-image size-thumbnail\"><a href=\"https:\/\/ekdesign.ee\/wp-content\/uploads\/aken03.jpg\"><img loading=\"lazy\" decoding=\"async\" width=\"300\" height=\"300\" data-id=\"1209\" src=\"https:\/\/ekdesign.ee\/wp-content\/uploads\/aken03-300x300.jpg\" alt=\"\" class=\"wp-image-1209\"\/><\/a><\/figure>\n\n\n\n<figure class=\"wp-block-image size-thumbnail\"><a href=\"https:\/\/ekdesign.ee\/wp-content\/uploads\/jaljed1.jpg\"><img loading=\"lazy\" decoding=\"async\" width=\"300\" height=\"300\" data-id=\"1212\" src=\"https:\/\/ekdesign.ee\/wp-content\/uploads\/jaljed1-300x300.jpg\" alt=\"\" class=\"wp-image-1212\"\/><\/a><\/figure>\n\n\n\n<figure class=\"wp-block-image size-thumbnail\"><a href=\"https:\/\/ekdesign.ee\/wp-content\/uploads\/jaljed2.jpg\"><img loading=\"lazy\" decoding=\"async\" width=\"300\" height=\"300\" data-id=\"1213\" src=\"https:\/\/ekdesign.ee\/wp-content\/uploads\/jaljed2-300x300.jpg\" alt=\"\" class=\"wp-image-1213\"\/><\/a><\/figure>\n\n\n\n<figure class=\"wp-block-image size-thumbnail\"><a href=\"https:\/\/ekdesign.ee\/wp-content\/uploads\/jaljed3.jpg\"><img loading=\"lazy\" decoding=\"async\" width=\"300\" height=\"300\" data-id=\"1214\" src=\"https:\/\/ekdesign.ee\/wp-content\/uploads\/jaljed3-300x300.jpg\" alt=\"\" class=\"wp-image-1214\"\/><\/a><\/figure>\n\n\n\n<figure class=\"wp-block-image size-thumbnail\"><a href=\"https:\/\/ekdesign.ee\/wp-content\/uploads\/sport01.jpg\"><img loading=\"lazy\" decoding=\"async\" width=\"300\" height=\"300\" data-id=\"1293\" src=\"https:\/\/ekdesign.ee\/wp-content\/uploads\/sport01-300x300.jpg\" alt=\"\" class=\"wp-image-1293\"\/><\/a><\/figure>\n\n\n\n<figure class=\"wp-block-image size-thumbnail\"><a href=\"https:\/\/ekdesign.ee\/wp-content\/uploads\/sport02.jpg\"><img loading=\"lazy\" decoding=\"async\" width=\"300\" height=\"300\" data-id=\"1294\" src=\"https:\/\/ekdesign.ee\/wp-content\/uploads\/sport02-300x300.jpg\" alt=\"\" class=\"wp-image-1294\"\/><\/a><\/figure>\n\n\n\n<figure class=\"wp-block-image size-thumbnail\"><a href=\"https:\/\/ekdesign.ee\/wp-content\/uploads\/sport03.jpg\"><img loading=\"lazy\" decoding=\"async\" width=\"300\" height=\"300\" data-id=\"1295\" src=\"https:\/\/ekdesign.ee\/wp-content\/uploads\/sport03-300x300.jpg\" alt=\"\" class=\"wp-image-1295\"\/><\/a><\/figure>\n<\/figure>\n<\/div>\n<\/div>\n","protected":false},"excerpt":{"rendered":"<p>Fotograaf Pikaajalise kogemusega fotograaf Mati Hiis j\u00e4\u00e4dvustab teie s\u00fcndmuse v\u00e4rvikamad hetked! Kui otsid fotot kodu v\u00f5i kontori seinale, siis vaata [&hellip;]<\/p>\n","protected":false},"author":1,"featured_media":0,"parent":0,"menu_order":0,"comment_status":"closed","ping_status":"closed","template":"","meta":{"_uag_custom_page_level_css":"","site-sidebar-layout":"default","site-content-layout":"","ast-site-content-layout":"default","site-content-style":"default","site-sidebar-style":"default","ast-global-header-display":"","ast-banner-title-visibility":"","ast-main-header-display":"","ast-hfb-above-header-display":"","ast-hfb-below-header-display":"","ast-hfb-mobile-header-display":"","site-post-title":"","ast-breadcrumbs-content":"","ast-featured-img":"","footer-sml-layout":"","theme-transparent-header-meta":"","adv-header-id-meta":"","stick-header-meta":"","header-above-stick-meta":"","header-main-stick-meta":"","header-below-stick-meta":"","astra-migrate-meta-layouts":"default","ast-page-background-enabled":"default","ast-page-background-meta":{"desktop":{"background-color":"var(--ast-global-color-5)","background-image":"","background-repeat":"repeat","background-position":"center center","background-size":"auto","background-attachment":"scroll","background-type":"","background-media":"","overlay-type":"","overlay-color":"","overlay-opacity":"","overlay-gradient":""},"tablet":{"background-color":"","background-image":"","background-repeat":"repeat","background-position":"center center","background-size":"auto","background-attachment":"scroll","background-type":"","background-media":"","overlay-type":"","overlay-color":"","overlay-opacity":"","overlay-gradient":""},"mobile":{"background-color":"","background-image":"","background-repeat":"repeat","background-position":"center center","background-size":"auto","background-attachment":"scroll","background-type":"","background-media":"","overlay-type":"","overlay-color":"","overlay-opacity":"","overlay-gradient":""}},"ast-content-background-meta":{"desktop":{"background-color":"var(--ast-global-color-4)","background-image":"","background-repeat":"repeat","background-position":"center center","background-size":"auto","background-attachment":"scroll","background-type":"","background-media":"","overlay-type":"","overlay-color":"","overlay-opacity":"","overlay-gradient":""},"tablet":{"background-color":"var(--ast-global-color-4)","background-image":"","background-repeat":"repeat","background-position":"center center","background-size":"auto","background-attachment":"scroll","background-type":"","background-media":"","overlay-type":"","overlay-color":"","overlay-opacity":"","overlay-gradient":""},"mobile":{"background-color":"var(--ast-global-color-4)","background-image":"","background-repeat":"repeat","background-position":"center center","background-size":"auto","background-attachment":"scroll","background-type":"","background-media":"","overlay-type":"","overlay-color":"","overlay-opacity":"","overlay-gradient":""}},"footnotes":""},"class_list":["post-112","page","type-page","status-publish","hentry"],"uagb_featured_image_src":{"full":false,"thumbnail":false,"medium":false,"medium_large":false,"large":false,"1536x1536":false,"2048x2048":false},"uagb_author_info":{"display_name":"admin","author_link":"https:\/\/ekdesign.ee\/?author=1"},"uagb_comment_info":0,"uagb_excerpt":"Fotograaf Pikaajalise kogemusega fotograaf Mati Hiis j\u00e4\u00e4dvustab teie s\u00fcndmuse v\u00e4rvikamad hetked! Kui otsid fotot kodu v\u00f5i kontori seinale, siis vaata [&hellip;]","rttpg_featured_image_url":null,"rttpg_author":{"display_name":"admin","author_link":"https:\/\/ekdesign.ee\/?author=1"},"rttpg_comment":0,"rttpg_category":" <a href=\"https:\/\/ekdesign.ee\/\" rel=\"tag\">Eesti<\/a>","rttpg_excerpt":"Fotograaf Pikaajalise kogemusega fotograaf Mati Hiis j\u00e4\u00e4dvustab teie s\u00fcndmuse v\u00e4rvikamad hetked! Kui otsid fotot kodu v\u00f5i kontori seinale, siis vaata [&hellip;]","_links":{"self":[{"href":"https:\/\/ekdesign.ee\/index.php?rest_route=\/wp\/v2\/pages\/112","targetHints":{"allow":["GET"]}}],"collection":[{"href":"https:\/\/ekdesign.ee\/index.php?rest_route=\/wp\/v2\/pages"}],"about":[{"href":"https:\/\/ekdesign.ee\/index.php?rest_route=\/wp\/v2\/types\/page"}],"author":[{"embeddable":true,"href":"https:\/\/ekdesign.ee\/index.php?rest_route=\/wp\/v2\/users\/1"}],"replies":[{"embeddable":true,"href":"https:\/\/ekdesign.ee\/index.php?rest_route=%2Fwp%2Fv2%2Fcomments&post=112"}],"version-history":[{"count":50,"href":"https:\/\/ekdesign.ee\/index.php?rest_route=\/wp\/v2\/pages\/112\/revisions"}],"predecessor-version":[{"id":4610,"href":"https:\/\/ekdesign.ee\/index.php?rest_route=\/wp\/v2\/pages\/112\/revisions\/4610"}],"wp:attachment":[{"href":"https:\/\/ekdesign.ee\/index.php?rest_route=%2Fwp%2Fv2%2Fmedia&parent=112"}],"curies":[{"name":"wp","href":"https:\/\/api.w.org\/{rel}","templated":true}]}}