{"id":2618,"date":"2022-01-06T19:50:28","date_gmt":"2022-01-06T17:50:28","guid":{"rendered":"https:\/\/ekdesign.ee\/?page_id=2618"},"modified":"2025-03-06T18:12:31","modified_gmt":"2025-03-06T16:12:31","slug":"hinnad","status":"publish","type":"page","link":"https:\/\/ekdesign.ee\/?page_id=2618","title":{"rendered":"Hinnakiri"},"content":{"rendered":"\n<div class=\"wp-block-columns alignfull suur has-background is-layout-flex wp-container-core-columns-is-layout-db27d905 wp-block-columns-is-layout-flex\" style=\"background-color:#381459;margin-top:0;margin-bottom:0;padding-top:0;padding-right:0;padding-bottom:0;padding-left:0\">\n<div class=\"wp-block-column hind has-background is-layout-flow wp-block-column-is-layout-flow\" style=\"background:linear-gradient(164deg,rgb(58,16,142) 0%,rgb(151,73,32) 100%);padding-top:var(--wp--preset--spacing--80);padding-right:var(--wp--preset--spacing--70);padding-bottom:var(--wp--preset--spacing--80);padding-left:var(--wp--preset--spacing--70)\">\n<div style=\"height:100px\" aria-hidden=\"true\" class=\"wp-block-spacer\"><\/div>\n\n\n\n<h2 class=\"wp-block-heading\">Hinnakiri<\/h2>\n\n\n\n<p>Materjalide hinnad sisaldavad renti, paigaldust ja mahav\u00f5ttu \u00fcheks s\u00fcndmuseks. Hinnad on n\u00e4idatud k\u00e4ibemaksuta.<\/p>\n\n\n\n<p>Erilahenduste hind kokkuleppel.<\/p>\n\n\n\n<p><strong>Laste\u00fcritustele hinnasoodustus -25%!<\/strong><\/p>\n<\/div>\n\n\n\n<div class=\"wp-block-column hind is-layout-flow wp-block-column-is-layout-flow\" style=\"padding-top:var(--wp--preset--spacing--80);padding-right:var(--wp--preset--spacing--70);padding-bottom:var(--wp--preset--spacing--80);padding-left:var(--wp--preset--spacing--70)\">\n<div style=\"height:40px\" aria-hidden=\"true\" class=\"wp-block-spacer\"><\/div>\n\n\n\n<ul class=\"wp-block-list\">\n<li>Transport km 0.30\u20ac (2x edasi-tagasi 1.20\u20ac)<\/li>\n\n\n\n<li>Transpordi miinimumtasu 30\u20ac<\/li>\n\n\n\n<li><a href=\"https:\/\/ekdesign.ee\/?p=261\">Vuaalkangas serviti<\/a> 1m 6.00\u20ac<\/li>\n\n\n\n<li><a href=\"https:\/\/ekdesign.ee\/?p=264\">Vuaalkangas lapiti<\/a> 1m 7.00\u20ac<\/li>\n\n\n\n<li><a href=\"https:\/\/ekdesign.ee\/?p=357\">Kardin<\/a> k\u00f5rgus 2-4 m 1tk 20\u20ac<\/li>\n\n\n\n<li><a href=\"https:\/\/ekdesign.ee\/?p=357\">Kardin<\/a> k\u00f5rgus 5-10 m 1tk &nbsp;50\u20ac<\/li>\n\n\n\n<li><a href=\"https:\/\/ekdesign.ee\/?p=235\">N\u00f6\u00f6rkardin<\/a> 90cmx180cm 1tk 15\u20ac<\/li>\n\n\n\n<li><a href=\"https:\/\/ekdesign.ee\/?p=271\">Stretchkanga paneel<\/a>&nbsp;2&#215;5 m 1tk 40\u20ac<\/li>\n\n\n\n<li><a href=\"https:\/\/ekdesign.ee\/?p=224\">L\u00fchter<\/a> 1tk 55\u20ac<\/li>\n\n\n\n<li><a href=\"https:\/\/ekdesign.ee\/?p=367\">V\u00f5rkkiik, ripptool<\/a> 1tk 15\u20ac<\/li>\n\n\n\n<li><a href=\"https:\/\/ekdesign.ee\/?p=241\">Valguskett v\u00e4ikese pirniga<\/a> 1m 2.50\u20ac<\/li>\n\n\n\n<li><a href=\"https:\/\/ekdesign.ee\/?p=241\">Valguskett suure pirniga<\/a> 1m 3.50\u20ac<\/li>\n\n\n\n<li><a href=\"https:\/\/ekdesign.ee\/?p=227\">Paberlatern elektriga<\/a> 1tk 15\u20ac<\/li>\n\n\n\n<li><a href=\"https:\/\/ekdesign.ee\/?p=227\">Paberletarn ilma elektrita<\/a> 1tk 5\u20ac<\/li>\n\n\n\n<li><a href=\"https:\/\/ekdesign.ee\/?p=1588\">Pael<\/a> 1m 1.30\u20ac<\/li>\n\n\n\n<li><a href=\"https:\/\/ekdesign.ee\/?p=399\">P\u00f5randavaas<\/a> t\u00fchi 10\u20ac, lilleampliga 40\u20ac<\/li>\n\n\n\n<li>Dimmer 25\u20ac<\/li>\n\n\n\n<li>Karkassipost jalaga, tellitav k\u00f5rgus 2-5 m 15\u20ac<\/li>\n\n\n\n<li>Karkassitoru, pikkus 2,5 m 5\u20ac<\/li>\n<\/ul>\n<\/div>\n<\/div>\n","protected":false},"excerpt":{"rendered":"<p>Hinnakiri Materjalide hinnad sisaldavad renti, paigaldust ja mahav\u00f5ttu \u00fcheks s\u00fcndmuseks. Hinnad on n\u00e4idatud k\u00e4ibemaksuta. Erilahenduste hind kokkuleppel. Laste\u00fcritustele hinnasoodustus -25%!<\/p>\n","protected":false},"author":1,"featured_media":0,"parent":0,"menu_order":0,"comment_status":"closed","ping_status":"closed","template":"","meta":{"_uag_custom_page_level_css":"","site-sidebar-layout":"default","site-content-layout":"","ast-site-content-layout":"default","site-content-style":"default","site-sidebar-style":"default","ast-global-header-display":"","ast-banner-title-visibility":"","ast-main-header-display":"","ast-hfb-above-header-display":"","ast-hfb-below-header-display":"","ast-hfb-mobile-header-display":"","site-post-title":"","ast-breadcrumbs-content":"","ast-featured-img":"","footer-sml-layout":"","theme-transparent-header-meta":"","adv-header-id-meta":"","stick-header-meta":"","header-above-stick-meta":"","header-main-stick-meta":"","header-below-stick-meta":"","astra-migrate-meta-layouts":"default","ast-page-background-enabled":"default","ast-page-background-meta":{"desktop":{"background-color":"var(--ast-global-color-5)","background-image":"","background-repeat":"repeat","background-position":"center center","background-size":"auto","background-attachment":"scroll","background-type":"","background-media":"","overlay-type":"","overlay-color":"","overlay-opacity":"","overlay-gradient":""},"tablet":{"background-color":"","background-image":"","background-repeat":"repeat","background-position":"center center","background-size":"auto","background-attachment":"scroll","background-type":"","background-media":"","overlay-type":"","overlay-color":"","overlay-opacity":"","overlay-gradient":""},"mobile":{"background-color":"","background-image":"","background-repeat":"repeat","background-position":"center center","background-size":"auto","background-attachment":"scroll","background-type":"","background-media":"","overlay-type":"","overlay-color":"","overlay-opacity":"","overlay-gradient":""}},"ast-content-background-meta":{"desktop":{"background-color":"var(--ast-global-color-4)","background-image":"","background-repeat":"repeat","background-position":"center center","background-size":"auto","background-attachment":"scroll","background-type":"","background-media":"","overlay-type":"","overlay-color":"","overlay-opacity":"","overlay-gradient":""},"tablet":{"background-color":"var(--ast-global-color-4)","background-image":"","background-repeat":"repeat","background-position":"center center","background-size":"auto","background-attachment":"scroll","background-type":"","background-media":"","overlay-type":"","overlay-color":"","overlay-opacity":"","overlay-gradient":""},"mobile":{"background-color":"var(--ast-global-color-4)","background-image":"","background-repeat":"repeat","background-position":"center center","background-size":"auto","background-attachment":"scroll","background-type":"","background-media":"","overlay-type":"","overlay-color":"","overlay-opacity":"","overlay-gradient":""}},"footnotes":""},"class_list":["post-2618","page","type-page","status-publish","hentry"],"uagb_featured_image_src":{"full":false,"thumbnail":false,"medium":false,"medium_large":false,"large":false,"1536x1536":false,"2048x2048":false},"uagb_author_info":{"display_name":"admin","author_link":"https:\/\/ekdesign.ee\/?author=1"},"uagb_comment_info":0,"uagb_excerpt":"Hinnakiri Materjalide hinnad sisaldavad renti, paigaldust ja mahav\u00f5ttu \u00fcheks s\u00fcndmuseks. Hinnad on n\u00e4idatud k\u00e4ibemaksuta. Erilahenduste hind kokkuleppel. Laste\u00fcritustele hinnasoodustus -25%!","rttpg_featured_image_url":null,"rttpg_author":{"display_name":"admin","author_link":"https:\/\/ekdesign.ee\/?author=1"},"rttpg_comment":0,"rttpg_category":" <a href=\"https:\/\/ekdesign.ee\/\" rel=\"tag\">Eesti<\/a>","rttpg_excerpt":"Hinnakiri Materjalide hinnad sisaldavad renti, paigaldust ja mahav\u00f5ttu \u00fcheks s\u00fcndmuseks. Hinnad on n\u00e4idatud k\u00e4ibemaksuta. Erilahenduste hind kokkuleppel. Laste\u00fcritustele hinnasoodustus -25%!","_links":{"self":[{"href":"https:\/\/ekdesign.ee\/index.php?rest_route=\/wp\/v2\/pages\/2618","targetHints":{"allow":["GET"]}}],"collection":[{"href":"https:\/\/ekdesign.ee\/index.php?rest_route=\/wp\/v2\/pages"}],"about":[{"href":"https:\/\/ekdesign.ee\/index.php?rest_route=\/wp\/v2\/types\/page"}],"author":[{"embeddable":true,"href":"https:\/\/ekdesign.ee\/index.php?rest_route=\/wp\/v2\/users\/1"}],"replies":[{"embeddable":true,"href":"https:\/\/ekdesign.ee\/index.php?rest_route=%2Fwp%2Fv2%2Fcomments&post=2618"}],"version-history":[{"count":48,"href":"https:\/\/ekdesign.ee\/index.php?rest_route=\/wp\/v2\/pages\/2618\/revisions"}],"predecessor-version":[{"id":4561,"href":"https:\/\/ekdesign.ee\/index.php?rest_route=\/wp\/v2\/pages\/2618\/revisions\/4561"}],"wp:attachment":[{"href":"https:\/\/ekdesign.ee\/index.php?rest_route=%2Fwp%2Fv2%2Fmedia&parent=2618"}],"curies":[{"name":"wp","href":"https:\/\/api.w.org\/{rel}","templated":true}]}}