{"id":3887,"date":"2025-02-26T11:50:24","date_gmt":"2025-02-26T09:50:24","guid":{"rendered":"https:\/\/ekdesign.ee\/?page_id=3887"},"modified":"2025-03-06T18:08:58","modified_gmt":"2025-03-06T16:08:58","slug":"korduma-kippuvad-kusimused","status":"publish","type":"page","link":"https:\/\/ekdesign.ee\/?page_id=3887","title":{"rendered":"Korduma kippuvad k\u00fcsimused"},"content":{"rendered":"\n<div class=\"wp-block-columns alignfull suur has-background is-layout-flex wp-container-core-columns-is-layout-db27d905 wp-block-columns-is-layout-flex\" style=\"background-color:#381459;margin-top:0;margin-bottom:0;padding-top:0;padding-right:0;padding-bottom:0;padding-left:0\">\n<div class=\"wp-block-column hind has-background is-layout-flow wp-block-column-is-layout-flow\" style=\"background:linear-gradient(164deg,rgb(58,16,142) 0%,rgb(151,73,32) 100%);padding-top:var(--wp--preset--spacing--80);padding-right:var(--wp--preset--spacing--70);padding-bottom:var(--wp--preset--spacing--80);padding-left:var(--wp--preset--spacing--70)\">\n<div style=\"height:100px\" aria-hidden=\"true\" class=\"wp-block-spacer\"><\/div>\n\n\n\n<h2 class=\"wp-block-heading\">Korduma kippuvad k\u00fcsimused<\/h2>\n\n\n\n<p>Siin m\u00f5ned sagedamini k\u00f5lavad k\u00fcsimused, mida tellijad meile esitavad:<\/p>\n<\/div>\n\n\n\n<div class=\"wp-block-column hind is-layout-flow wp-block-column-is-layout-flow\" style=\"padding-top:var(--wp--preset--spacing--80);padding-right:var(--wp--preset--spacing--70);padding-bottom:var(--wp--preset--spacing--80);padding-left:var(--wp--preset--spacing--70)\">\n<div style=\"height:40px\" aria-hidden=\"true\" class=\"wp-block-spacer\"><\/div>\n\n\n\n<ul class=\"wp-block-list\">\n<li><strong>Mis dekoreerimine maksab?<\/strong><br>200 kuni 6000 eurot &#8211; k\u00f5ik oleneb t\u00f6\u00f6de mahust. 100 k\u00fclalisega peo dekoratsioonide keskmine hind on 700-1200 eurot, lisaks transpordikulu.<\/li>\n\n\n\n<li><strong>Kas hindadele lisandub k\u00e4ibemaks?<\/strong><br>Erki on k\u00e4ibemaksukohuslane, Merle ei ole, niisiis v\u00f5imalikud m\u00f5lemad variandid.<\/li>\n\n\n\n<li><strong>Kui palju aega kulub dekoratsioonide \u00fclespanekuks ja mahav\u00f5tuks?<\/strong><br>\u00dclespanek keskmiselt 4-6 tundi, suuremate s\u00fcndmuste puhul terve eelnev p\u00e4ev. Mahav\u00f5tule kulub tavaliselt poole v\u00e4hem. Oleks v\u00e4ga tervitatav, kui \u00fclespaneku ja mahav\u00f5tu ajal oleks ruum m\u00f6\u00f6blist t\u00fchi.<\/li>\n\n\n\n<li><strong>Mul on kindel n\u00e4gemus \/ kavand \/ foto, kas saate teha t\u00e4pselt sellise lahenduse?<\/strong><br>K\u00f5igepealt vaatame, mida saab teha meie laos olemasoleva materjaliga ning mida saame lisaks rentida. Alati on v\u00f5imalus dekoratsioone juurde soetada v\u00f5i valmistada, ent p\u00fc\u00fcame v\u00e4ltida \u00fchekordselt kasutatavaid tooteid. Teatud piiranguid seavad ka peoruumi suurus ja kinnitusv\u00f5imalused.<\/li>\n\n\n\n<li><strong>Ma tahaks midagi \u00e4gedat, aga ei tea veel, mida.<\/strong><br>Meie jaoks tervitatav v\u00e4ljakutse!<\/li>\n\n\n\n<li><strong>Kas te t\u00f6\u00f6tate ka v\u00e4ljaspool Eestit?<\/strong><br>Vajadusel jah &#8211; eelk\u00f5ige Soomes, Rootsis ja Baltimaades.<\/li>\n\n\n\n<li>Abi v\u00f5ib olla ka detailsemast <a href=\"https:\/\/ekdesign.ee\/?page_id=93\" data-type=\"page\" data-id=\"93\"><strong>pildiotsingust<\/strong><\/a>, kus saad valida erinevate&nbsp;s\u00fcndmuset\u00fc\u00fcpide, peopaikade, teemade, dekoratsiooniv\u00f5tete ja v\u00e4rvide vahel.<\/li>\n\n\n\n<li><strong>Kui siit oma k\u00fcsimustele vastust ei leidnud,, on \u00f5ige aeg meile <a href=\"https:\/\/ekdesign.ee\/?page_id=8\" data-type=\"page\" data-id=\"8\">helistada<\/a> v\u00f5i <a href=\"mailto:info@ekdesign.ee\">kirjutada<\/a>!<\/strong><\/li>\n<\/ul>\n<\/div>\n<\/div>\n","protected":false},"excerpt":{"rendered":"<p>Korduma kippuvad k\u00fcsimused Siin m\u00f5ned sagedamini k\u00f5lavad k\u00fcsimused, mida tellijad meile esitavad:<\/p>\n","protected":false},"author":1,"featured_media":0,"parent":0,"menu_order":0,"comment_status":"closed","ping_status":"closed","template":"","meta":{"_uag_custom_page_level_css":"","site-sidebar-layout":"default","site-content-layout":"","ast-site-content-layout":"default","site-content-style":"default","site-sidebar-style":"default","ast-global-header-display":"","ast-banner-title-visibility":"","ast-main-header-display":"","ast-hfb-above-header-display":"","ast-hfb-below-header-display":"","ast-hfb-mobile-header-display":"","site-post-title":"","ast-breadcrumbs-content":"","ast-featured-img":"","footer-sml-layout":"","theme-transparent-header-meta":"","adv-header-id-meta":"","stick-header-meta":"","header-above-stick-meta":"","header-main-stick-meta":"","header-below-stick-meta":"","astra-migrate-meta-layouts":"default","ast-page-background-enabled":"default","ast-page-background-meta":{"desktop":{"background-color":"var(--ast-global-color-5)","background-image":"","background-repeat":"repeat","background-position":"center center","background-size":"auto","background-attachment":"scroll","background-type":"","background-media":"","overlay-type":"","overlay-color":"","overlay-opacity":"","overlay-gradient":""},"tablet":{"background-color":"","background-image":"","background-repeat":"repeat","background-position":"center center","background-size":"auto","background-attachment":"scroll","background-type":"","background-media":"","overlay-type":"","overlay-color":"","overlay-opacity":"","overlay-gradient":""},"mobile":{"background-color":"","background-image":"","background-repeat":"repeat","background-position":"center center","background-size":"auto","background-attachment":"scroll","background-type":"","background-media":"","overlay-type":"","overlay-color":"","overlay-opacity":"","overlay-gradient":""}},"ast-content-background-meta":{"desktop":{"background-color":"var(--ast-global-color-4)","background-image":"","background-repeat":"repeat","background-position":"center center","background-size":"auto","background-attachment":"scroll","background-type":"","background-media":"","overlay-type":"","overlay-color":"","overlay-opacity":"","overlay-gradient":""},"tablet":{"background-color":"var(--ast-global-color-4)","background-image":"","background-repeat":"repeat","background-position":"center center","background-size":"auto","background-attachment":"scroll","background-type":"","background-media":"","overlay-type":"","overlay-color":"","overlay-opacity":"","overlay-gradient":""},"mobile":{"background-color":"var(--ast-global-color-4)","background-image":"","background-repeat":"repeat","background-position":"center center","background-size":"auto","background-attachment":"scroll","background-type":"","background-media":"","overlay-type":"","overlay-color":"","overlay-opacity":"","overlay-gradient":""}},"footnotes":""},"class_list":["post-3887","page","type-page","status-publish","hentry"],"uagb_featured_image_src":{"full":false,"thumbnail":false,"medium":false,"medium_large":false,"large":false,"1536x1536":false,"2048x2048":false},"uagb_author_info":{"display_name":"admin","author_link":"https:\/\/ekdesign.ee\/?author=1"},"uagb_comment_info":0,"uagb_excerpt":"Korduma kippuvad k\u00fcsimused Siin m\u00f5ned sagedamini k\u00f5lavad k\u00fcsimused, mida tellijad meile esitavad:","rttpg_featured_image_url":null,"rttpg_author":{"display_name":"admin","author_link":"https:\/\/ekdesign.ee\/?author=1"},"rttpg_comment":0,"rttpg_category":" <a href=\"https:\/\/ekdesign.ee\/\" rel=\"tag\">Eesti<\/a>","rttpg_excerpt":"Korduma kippuvad k\u00fcsimused Siin m\u00f5ned sagedamini k\u00f5lavad k\u00fcsimused, mida tellijad meile esitavad:","_links":{"self":[{"href":"https:\/\/ekdesign.ee\/index.php?rest_route=\/wp\/v2\/pages\/3887","targetHints":{"allow":["GET"]}}],"collection":[{"href":"https:\/\/ekdesign.ee\/index.php?rest_route=\/wp\/v2\/pages"}],"about":[{"href":"https:\/\/ekdesign.ee\/index.php?rest_route=\/wp\/v2\/types\/page"}],"author":[{"embeddable":true,"href":"https:\/\/ekdesign.ee\/index.php?rest_route=\/wp\/v2\/users\/1"}],"replies":[{"embeddable":true,"href":"https:\/\/ekdesign.ee\/index.php?rest_route=%2Fwp%2Fv2%2Fcomments&post=3887"}],"version-history":[{"count":17,"href":"https:\/\/ekdesign.ee\/index.php?rest_route=\/wp\/v2\/pages\/3887\/revisions"}],"predecessor-version":[{"id":4556,"href":"https:\/\/ekdesign.ee\/index.php?rest_route=\/wp\/v2\/pages\/3887\/revisions\/4556"}],"wp:attachment":[{"href":"https:\/\/ekdesign.ee\/index.php?rest_route=%2Fwp%2Fv2%2Fmedia&parent=3887"}],"curies":[{"name":"wp","href":"https:\/\/api.w.org\/{rel}","templated":true}]}}