{"id":93,"date":"2016-07-17T14:53:49","date_gmt":"2016-07-17T12:53:49","guid":{"rendered":"http:\/\/ekdesign.ee\/?page_id=93"},"modified":"2025-03-05T12:07:58","modified_gmt":"2025-03-05T10:07:58","slug":"otsi-marksona-jargi","status":"publish","type":"page","link":"https:\/\/ekdesign.ee\/?page_id=93","title":{"rendered":"Dekoratsioonid"},"content":{"rendered":"\n<div class=\"wp-block-cover alignfull\" style=\"padding-top:var(--wp--preset--spacing--70);padding-bottom:var(--wp--preset--spacing--70);min-height:300px;aspect-ratio:unset;\"><span aria-hidden=\"true\" class=\"wp-block-cover__background has-background-dim-70 has-background-dim wp-block-cover__gradient-background has-background-gradient\" style=\"background:linear-gradient(135deg,rgb(68,3,218) 0%,rgb(238,109,3) 100%)\"><\/span><img loading=\"lazy\" decoding=\"async\" width=\"1200\" height=\"676\" class=\"wp-block-cover__image-background wp-image-2954\" alt=\"\" src=\"https:\/\/ekdesign.ee\/wp-content\/uploads\/tty2022_06.jpg\" style=\"object-position:50% 10%\" data-object-fit=\"cover\" data-object-position=\"50% 10%\" srcset=\"https:\/\/ekdesign.ee\/wp-content\/uploads\/tty2022_06.jpg 1200w, https:\/\/ekdesign.ee\/wp-content\/uploads\/tty2022_06-600x338.jpg 600w, https:\/\/ekdesign.ee\/wp-content\/uploads\/tty2022_06-768x433.jpg 768w\" sizes=\"auto, (max-width: 1200px) 100vw, 1200px\" \/><div class=\"wp-block-cover__inner-container is-layout-constrained wp-block-cover-is-layout-constrained\">\n<div style=\"height:100px\" aria-hidden=\"true\" class=\"wp-block-spacer\"><\/div>\n\n\n\n<div class=\"wp-block-columns is-layout-flex wp-container-core-columns-is-layout-28f84493 wp-block-columns-is-layout-flex\">\n<div class=\"wp-block-column is-layout-flow wp-block-column-is-layout-flow\">\n<h2 class=\"wp-block-heading has-ast-global-color-5-color has-text-color has-link-color wp-elements-4eb31f580baa8d635b2042d7cdc7e679\">Dekoratsioonid<\/h2>\n\n\n\n<p class=\"has-ast-global-color-5-color has-text-color has-link-color wp-elements-b86677043f5ce43c07e5bc35d630b18a\" style=\"line-height:1.5\">Oodatud s\u00fcndmus l\u00e4heneb ning peoruumiga on vaja midagi ette v\u00f5tta? P\u00fc\u00fcame abiks olla. Allpool leiad pildigalerii meie pakutavaist lahendustest, ent oleme ka valmis midagi uut ja enneolematut v\u00e4lja m\u00f5tlema. <\/p>\n\n\n\n<div class=\"wp-block-buttons is-layout-flex wp-block-buttons-is-layout-flex\">\n<div class=\"wp-block-button\"><a class=\"wp-block-button__link has-background wp-element-button\" href=\"mailto:info@ekdesign.ee\" style=\"border-style:none;border-width:0px;background-color:#ff4e00\">KIRJUTA MEILE!<\/a><\/div>\n<\/div>\n<\/div>\n\n\n\n<div class=\"wp-block-column is-layout-flow wp-block-column-is-layout-flow\">\n<h5 class=\"wp-block-heading has-text-align-right has-ast-global-color-5-color has-text-color has-link-color wp-elements-dec67dd990d35602fc880d1fbf635f9d\">Vaata ka&#8230;.<\/h5>\n\n\n\n<div class=\"wp-block-buttons is-content-justification-right is-layout-flex wp-container-core-buttons-is-layout-d445cf74 wp-block-buttons-is-layout-flex\">\n<div class=\"wp-block-button has-custom-font-size is-style-outline has-medium-font-size is-style-outline--1\"><a class=\"wp-block-button__link has-white-color has-text-color has-link-color wp-element-button\" href=\"https:\/\/ekdesign.ee\/?page_id=3887\">KORDUMA KIPPUVAD K\u00dcSIMUSED<\/a><\/div>\n<\/div>\n\n\n\n<div class=\"wp-block-buttons is-content-justification-right is-layout-flex wp-container-core-buttons-is-layout-d445cf74 wp-block-buttons-is-layout-flex\">\n<div class=\"wp-block-button has-custom-font-size is-style-outline has-medium-font-size is-style-outline--2\"><a class=\"wp-block-button__link has-white-color has-text-color has-link-color wp-element-button\" href=\"https:\/\/ekdesign.ee\/?page_id=110\">K\u00dcSIMUSED, MIDA ME SAGELI ESITAME<\/a><\/div>\n<\/div>\n\n\n\n<div class=\"wp-block-buttons is-content-justification-right is-layout-flex wp-container-core-buttons-is-layout-d445cf74 wp-block-buttons-is-layout-flex\">\n<div class=\"wp-block-button has-custom-font-size is-style-outline has-medium-font-size is-style-outline--3\"><a class=\"wp-block-button__link has-white-color has-text-color has-link-color wp-element-button\" href=\"https:\/\/ekdesign.ee\/?page_id=2618\">Hinnakiri<\/a><\/div>\n<\/div>\n<\/div>\n<\/div>\n<\/div><\/div>\n\n\n\n<div class=\"wp-block-columns alignfull has-white-background-color has-background is-layout-flex wp-container-core-columns-is-layout-7abde1fe wp-block-columns-is-layout-flex\" style=\"padding-top:var(--wp--preset--spacing--40);padding-bottom:var(--wp--preset--spacing--40)\">\n<div class=\"wp-block-column is-layout-flow wp-block-column-is-layout-flow\" style=\"flex-basis:100%\">\n<h2 class=\"wp-block-heading has-text-color has-link-color wp-elements-a69a01bc406d5c7fded828820cb513d1\" style=\"color:#6708bf\">Tehtud t\u00f6\u00f6d &#8211; otsi m\u00e4rks\u00f5na j\u00e4rgi:<\/h2>\n<\/div>\n<\/div>\n\n\n\n<div class=\"wp-block-columns alignfull has-white-background-color has-text-color has-background has-link-color wp-elements-744fdc285b34d85c19ac9a37570e40cf is-layout-flex wp-container-core-columns-is-layout-8d88fe0f wp-block-columns-is-layout-flex\" style=\"color:#6708bf;padding-top:var(--wp--preset--spacing--20);padding-bottom:var(--wp--preset--spacing--20);font-style:normal;font-weight:600\">\n<div class=\"wp-block-column is-layout-flow wp-block-column-is-layout-flow\">\n<p><strong>S\u00fcndmused<\/strong><\/p>\n\n\n\n<ul class=\"lcp_catlist\" id=\"lcp_instance_0\"><li><a href=\"https:\/\/ekdesign.ee\/?p=777\">Avalikud s\u00fcndmused<\/a><\/li><li><a href=\"https:\/\/ekdesign.ee\/?p=804\">Firmapeod, suvep\u00e4evad<\/a><\/li><li><a href=\"https:\/\/ekdesign.ee\/?p=783\">Konverentsid, esitlused, messid<\/a><\/li><li><a href=\"https:\/\/ekdesign.ee\/?p=774\">Koolipeod, aktused<\/a><\/li><li><a href=\"https:\/\/ekdesign.ee\/?p=797\">Pulmad, s\u00fcnnip\u00e4evad<\/a><\/li><\/ul>\n<\/div>\n\n\n\n<div class=\"wp-block-column is-layout-flow wp-block-column-is-layout-flow\">\n<p><strong>Teemad<\/strong><\/p>\n\n\n\n<ul class=\"lcp_catlist\" id=\"lcp_instance_0\"><li><a href=\"https:\/\/ekdesign.ee\/?p=2750\">Alice imedemaal<\/a><\/li><li><a href=\"https:\/\/ekdesign.ee\/?p=1761\">Charlie ja \u0161okolaadivabrik<\/a><\/li><li><a href=\"https:\/\/ekdesign.ee\/?p=1815\">Eesti<\/a><\/li><li><a href=\"https:\/\/ekdesign.ee\/?p=1768\">Hipid<\/a><\/li><li><a href=\"https:\/\/ekdesign.ee\/?p=1781\">James Bond<\/a><\/li><li><a href=\"https:\/\/ekdesign.ee\/?p=1788\">Lumekuninganna<\/a><\/li><li><a href=\"https:\/\/ekdesign.ee\/?p=1833\">Meri<\/a><\/li><li><a href=\"https:\/\/ekdesign.ee\/?p=1755\">Moulin Rouge<\/a><\/li><li><a href=\"https:\/\/ekdesign.ee\/?p=2756\">Ooperi fantoom<\/a><\/li><li><a href=\"https:\/\/ekdesign.ee\/?p=1824\">Reis \u00fcmber maailma<\/a><\/li><li><a href=\"https:\/\/ekdesign.ee\/?p=1775\">Rokenroll<\/a><\/li><li><a href=\"https:\/\/ekdesign.ee\/?p=1797\">Sambakarneval<\/a><\/li><li><a href=\"https:\/\/ekdesign.ee\/?p=1793\">Tagasi tulevikku<\/a><\/li><li><a href=\"https:\/\/ekdesign.ee\/?p=2739\">Tsirkus<\/a><\/li><\/ul>\n<\/div>\n\n\n\n<div class=\"wp-block-column is-layout-flow wp-block-column-is-layout-flow\">\n<p><strong>V\u00e4rvid<\/strong><\/p>\n\n\n\n<ul class=\"lcp_catlist\" id=\"lcp_instance_0\"><li><a href=\"https:\/\/ekdesign.ee\/?p=342\">Kirju<\/a><\/li><li><a href=\"https:\/\/ekdesign.ee\/?p=153\">Kollane<\/a><\/li><li><a href=\"https:\/\/ekdesign.ee\/?p=213\">Kuld ja h\u00f5be<\/a><\/li><li><a href=\"https:\/\/ekdesign.ee\/?p=127\">Lilla<\/a><\/li><li><a href=\"https:\/\/ekdesign.ee\/?p=180\">Must<\/a><\/li><li><a href=\"https:\/\/ekdesign.ee\/?p=169\">Oran\u017e<\/a><\/li><li><a href=\"https:\/\/ekdesign.ee\/?p=375\">Pruun ja bee\u017e<\/a><\/li><li><a href=\"https:\/\/ekdesign.ee\/?p=193\">Punane<\/a><\/li><li><a href=\"https:\/\/ekdesign.ee\/?p=161\">Roheline<\/a><\/li><li><a href=\"https:\/\/ekdesign.ee\/?p=120\">Roosa<\/a><\/li><li><a href=\"https:\/\/ekdesign.ee\/?p=136\">Sinine<\/a><\/li><li><a href=\"https:\/\/ekdesign.ee\/?p=326\">Valge<\/a><\/li><\/ul>\n<\/div>\n\n\n\n<div class=\"wp-block-column is-layout-flow wp-block-column-is-layout-flow\">\n<p><strong>Materjalid<\/strong><\/p>\n\n\n\n<ul class=\"lcp_catlist\" id=\"lcp_instance_0\"><li><a href=\"https:\/\/ekdesign.ee\/?p=261\">Draperii<\/a><\/li><li><a href=\"https:\/\/ekdesign.ee\/?p=386\">Ekraanid<\/a><\/li><li><a href=\"https:\/\/ekdesign.ee\/?p=2112\">Foolium<\/a><\/li><li><a href=\"https:\/\/ekdesign.ee\/?p=357\">Kardinad<\/a><\/li><li><a href=\"https:\/\/ekdesign.ee\/?p=264\">Lapiti vuaalkangas<\/a><\/li><li><a href=\"https:\/\/ekdesign.ee\/?p=399\">Lilled ja vaasid<\/a><\/li><li><a href=\"https:\/\/ekdesign.ee\/?p=224\">L\u00fchtrid<\/a><\/li><li><a href=\"https:\/\/ekdesign.ee\/?p=235\">N\u00f6\u00f6rkardinad<\/a><\/li><li><a href=\"https:\/\/ekdesign.ee\/?p=227\">Paberlaternad<\/a><\/li><li><a href=\"https:\/\/ekdesign.ee\/?p=1588\">Paelad<\/a><\/li><li><a href=\"https:\/\/ekdesign.ee\/?p=271\">Stretchkangas<\/a><\/li><li><a href=\"https:\/\/ekdesign.ee\/?p=255\">Tr\u00fckised<\/a><\/li><li><a href=\"https:\/\/ekdesign.ee\/?p=241\">Valguskett<\/a><\/li><li><a href=\"https:\/\/ekdesign.ee\/?p=303\">Vidinad<\/a><\/li><li><a href=\"https:\/\/ekdesign.ee\/?p=367\">V\u00f5rkkiiged<\/a><\/li><\/ul>\n<\/div>\n\n\n\n<div class=\"wp-block-column is-layout-flow wp-block-column-is-layout-flow\">\n<p><strong>Peopaigad<\/strong><\/p>\n\n\n\n<p><ul class=\"lcp_catlist\" id=\"lcp_instance_0\"><li><a href=\"https:\/\/ekdesign.ee\/?p=2856\">Aalto \u00fclikool<\/a><\/li><li><a href=\"https:\/\/ekdesign.ee\/?p=633\">Alexela kontserdimaja<\/a><\/li><li><a href=\"https:\/\/ekdesign.ee\/?p=448\">Arigato<\/a><\/li><li><a href=\"https:\/\/ekdesign.ee\/?p=454\">Audentese kool<\/a><\/li><li><a href=\"https:\/\/ekdesign.ee\/?p=1218\">Balti jaam<\/a><\/li><li><a href=\"https:\/\/ekdesign.ee\/?p=1900\">Baltika moelava<\/a><\/li><li><a href=\"https:\/\/ekdesign.ee\/?p=480\">Black Box Studio<\/a><\/li><li><a href=\"https:\/\/ekdesign.ee\/?p=1061\">Botaanikaaed<\/a><\/li><li><a href=\"https:\/\/ekdesign.ee\/?p=1858\">CatHouse<\/a><\/li><li><a href=\"https:\/\/ekdesign.ee\/?p=723\">Club Hollywood<\/a><\/li><li><a href=\"https:\/\/ekdesign.ee\/?p=1173\">Dirhami k\u00fclalistemaja<\/a><\/li><li><a href=\"https:\/\/ekdesign.ee\/?p=490\">Dvigatel<\/a><\/li><li><a href=\"https:\/\/ekdesign.ee\/?p=624\">Eesti N\u00e4itused<\/a><\/li><li><a href=\"https:\/\/ekdesign.ee\/?p=1947\">Eesti Rahva Muuseum<\/a><\/li><li><a href=\"https:\/\/ekdesign.ee\/?p=2950\">Eesti Spordimuuseum<\/a><\/li><li><a href=\"https:\/\/ekdesign.ee\/?p=1511\">Endla talu<\/a><\/li><li><a href=\"https:\/\/ekdesign.ee\/?p=503\">Estonia<\/a><\/li><li><a href=\"https:\/\/ekdesign.ee\/?p=2189\">Gastro Studio<\/a><\/li><li><a href=\"https:\/\/ekdesign.ee\/?p=1516\">Glehni loss<\/a><\/li><li><a href=\"https:\/\/ekdesign.ee\/?p=2890\">Haanjamehe talu<\/a><\/li><li><a href=\"https:\/\/ekdesign.ee\/?p=2359\">Haapsalu promenaad<\/a><\/li><li><a href=\"https:\/\/ekdesign.ee\/?p=2467\">Haven Kakum\u00e4e<\/a><\/li><li><a href=\"https:\/\/ekdesign.ee\/?p=515\">Hedon SPA<\/a><\/li><li><a href=\"https:\/\/ekdesign.ee\/?p=510\">Helitehas<\/a><\/li><li><a href=\"https:\/\/ekdesign.ee\/?p=521\">Hilton Tallinn Park Hotel<\/a><\/li><li><a href=\"https:\/\/ekdesign.ee\/?p=1996\">Hotell Radisson Ol\u00fcmpia<\/a><\/li><li><a href=\"https:\/\/ekdesign.ee\/?p=2395\">Ingliste m\u00f5is<\/a><\/li><li><a href=\"https:\/\/ekdesign.ee\/?p=2368\">Kaspervik<\/a><\/li><li><a href=\"https:\/\/ekdesign.ee\/?p=2781\">Klinkberg Venue<\/a><\/li><li><a href=\"https:\/\/ekdesign.ee\/?p=2916\">Koeru kool ja kultuurimaja<\/a><\/li><li><a href=\"https:\/\/ekdesign.ee\/?p=2415\">KOHO peomaja<\/a><\/li><li><a href=\"https:\/\/ekdesign.ee\/?p=608\">Kohvik Mood<\/a><\/li><li><a href=\"https:\/\/ekdesign.ee\/?p=1533\">K\u00f5ltsu m\u00f5is<\/a><\/li><li><a href=\"https:\/\/ekdesign.ee\/?p=2269\">Kontoriruumid<\/a><\/li><li><a href=\"https:\/\/ekdesign.ee\/?p=2727\">Kostifer<\/a><\/li><li><a href=\"https:\/\/ekdesign.ee\/?p=655\">Kostivere kool<\/a><\/li><li><a href=\"https:\/\/ekdesign.ee\/?p=2685\">Kreenholmi manufaktuur<\/a><\/li><li><a href=\"https:\/\/ekdesign.ee\/?p=540\">Kuke talu<\/a><\/li><li><a href=\"https:\/\/ekdesign.ee\/?p=545\">Kultuurikatel<\/a><\/li><li><a href=\"https:\/\/ekdesign.ee\/?p=552\">KUMU<\/a><\/li><li><a href=\"https:\/\/ekdesign.ee\/?p=641\">Kungla hotell *<\/a><\/li><li><a href=\"https:\/\/ekdesign.ee\/?p=559\">Kunstihoone<\/a><\/li><li><a href=\"https:\/\/ekdesign.ee\/?p=2824\">Laitse loss<\/a><\/li><li><a href=\"https:\/\/ekdesign.ee\/?p=500\">Laulasmaa SPA<\/a><\/li><li><a href=\"https:\/\/ekdesign.ee\/?p=574\">Lauluv\u00e4ljak<\/a><\/li><li><a href=\"https:\/\/ekdesign.ee\/?p=1109\">Leigo talu<\/a><\/li><li><a href=\"https:\/\/ekdesign.ee\/?p=2154\">Lennusadam<\/a><\/li><li><a href=\"https:\/\/ekdesign.ee\/?p=588\">Lillepaviljon<\/a><\/li><li><a href=\"https:\/\/ekdesign.ee\/?p=649\">Linnahall *<\/a><\/li><li><a href=\"https:\/\/ekdesign.ee\/?p=2079\">Maardu m\u00f5is<\/a><\/li><li><a href=\"https:\/\/ekdesign.ee\/?p=461\">Mooste Folgikoda<\/a><\/li><li><a href=\"https:\/\/ekdesign.ee\/?p=533\">Muhu Muusikatalu<\/a><\/li><li><a href=\"https:\/\/ekdesign.ee\/?p=620\">Mustpeade maja<\/a><\/li><li><a href=\"https:\/\/ekdesign.ee\/?p=528\">Nautse Mihkli talu<\/a><\/li><li><a href=\"https:\/\/ekdesign.ee\/?p=2403\">Noblessneri valukoda<\/a><\/li><li><a href=\"https:\/\/ekdesign.ee\/?p=637\">N\u00f5mme Kultuurikeskus<\/a><\/li><li><a href=\"https:\/\/ekdesign.ee\/?p=2348\">Nordic Hotel Forum<\/a><\/li><li><a href=\"https:\/\/ekdesign.ee\/?p=2897\">Ohukotsu k\u00fc\u00fcn<\/a><\/li><li><a href=\"https:\/\/ekdesign.ee\/?p=1164\">Osmussaar<\/a><\/li><li><a href=\"https:\/\/ekdesign.ee\/?p=2929\">Ostukeskused<\/a><\/li><li><a href=\"https:\/\/ekdesign.ee\/?p=603\">Park Inn by Radisson Meriton Conference &#038; Spa Hotel<\/a><\/li><li><a href=\"https:\/\/ekdesign.ee\/?p=662\">P\u00e4rnu Kontserdimaja<\/a><\/li><li><a href=\"https:\/\/ekdesign.ee\/?p=677\">Rannarahva Muuseum<\/a><\/li><li><a href=\"https:\/\/ekdesign.ee\/?p=1967\">Ravila karjakastell<\/a><\/li><li><a href=\"https:\/\/ekdesign.ee\/?p=2774\">Relais Liimock<\/a><\/li><li><a href=\"https:\/\/ekdesign.ee\/?p=683\">Rock Cafe*<\/a><\/li><li><a href=\"https:\/\/ekdesign.ee\/?p=689\">Sagadi m\u00f5is<\/a><\/li><li><a href=\"https:\/\/ekdesign.ee\/?p=693\">Saka m\u00f5is<\/a><\/li><li><a href=\"https:\/\/ekdesign.ee\/?p=627\">Sakala 3 Teater<\/a><\/li><li><a href=\"https:\/\/ekdesign.ee\/?p=2939\">Saku m\u00f5is<\/a><\/li><li><a href=\"https:\/\/ekdesign.ee\/?p=1608\">Saku Rehek\u00fc\u00fcn<\/a><\/li><li><a href=\"https:\/\/ekdesign.ee\/?p=2944\">Saue kool<\/a><\/li><li><a href=\"https:\/\/ekdesign.ee\/?p=704\">SpaceX *<\/a><\/li><li><a href=\"https:\/\/ekdesign.ee\/?p=1526\">Stackelbergi t\u00f5llakuur<\/a><\/li><li><a href=\"https:\/\/ekdesign.ee\/?p=709\">Sugar Club<\/a><\/li><li><a href=\"https:\/\/ekdesign.ee\/?p=717\">Swissotel<\/a><\/li><li><a href=\"https:\/\/ekdesign.ee\/?p=2381\">T1 Mall of Tallinn<\/a><\/li><li><a href=\"https:\/\/ekdesign.ee\/?p=2243\">Tallinna 21. kool<\/a><\/li><li><a href=\"https:\/\/ekdesign.ee\/?p=2237\">Tallinna Inglise Kolled\u017e<\/a><\/li><li><a href=\"https:\/\/ekdesign.ee\/?p=671\">Tallinna \u00dclikool<\/a><\/li><li><a href=\"https:\/\/ekdesign.ee\/?p=2903\">Tammistu k\u00fc\u00fcn<\/a><\/li><li><a href=\"https:\/\/ekdesign.ee\/?p=737\">Tehnika\u00fclikool<\/a><\/li><li><a href=\"https:\/\/ekdesign.ee\/?p=467\">Telgid<\/a><\/li><li><a href=\"https:\/\/ekdesign.ee\/?p=1266\">Tondiraba j\u00e4\u00e4hall<\/a><\/li><li><a href=\"https:\/\/ekdesign.ee\/?p=727\">Tootmishooned<\/a><\/li><li><a href=\"https:\/\/ekdesign.ee\/?p=2448\">Tulivesi<\/a><\/li><li><a href=\"https:\/\/ekdesign.ee\/?p=697\">Unibet Arena<\/a><\/li><li><a href=\"https:\/\/ekdesign.ee\/?p=2788\">Uueda talu<\/a><\/li><li><a href=\"https:\/\/ekdesign.ee\/?p=2676\">V\u00e4\u00e4na m\u00f5is<\/a><\/li><li><a href=\"https:\/\/ekdesign.ee\/?p=743\">Vaba Lava<\/a><\/li><li><a href=\"https:\/\/ekdesign.ee\/?p=1575\">Vaba\u00f5humuuseum<\/a><\/li><li><a href=\"https:\/\/ekdesign.ee\/?p=2041\">Varemurru puhkekeskus<\/a><\/li><li><a href=\"https:\/\/ekdesign.ee\/?p=562\">Vene Kultuurikeskus<\/a><\/li><li><a href=\"https:\/\/ekdesign.ee\/?p=496\">Vene Teater<\/a><\/li><li><a href=\"https:\/\/ekdesign.ee\/?p=758\">Vihula m\u00f5is<\/a><\/li><li><a href=\"https:\/\/ekdesign.ee\/?p=2813\">Viimsi Artium<\/a><\/li><li><a href=\"https:\/\/ekdesign.ee\/?p=749\">Viktoria peokeskus<\/a><\/li><li><a href=\"https:\/\/ekdesign.ee\/?p=734\">Von Krahli Teater<\/a><\/li><li><a href=\"https:\/\/ekdesign.ee\/?p=2806\">Wildin&#8217; Ervita<\/a><\/li><\/ul><br>* t\u00e4rniga m\u00e4rgitud kohad on tegevuse l\u00f5petanud!<\/p>\n<\/div>\n<\/div>\n","protected":false},"excerpt":{"rendered":"<p>Tehtud t\u00f6\u00f6d &#8211; otsi m\u00e4rks\u00f5na j\u00e4rgi: S\u00fcndmused Teemad V\u00e4rvid Materjalid Peopaigad * t\u00e4rniga m\u00e4rgitud kohad on tegevuse l\u00f5petanud!<\/p>\n","protected":false},"author":1,"featured_media":0,"parent":0,"menu_order":0,"comment_status":"closed","ping_status":"closed","template":"","meta":{"_uag_custom_page_level_css":"","site-sidebar-layout":"default","site-content-layout":"","ast-site-content-layout":"default","site-content-style":"default","site-sidebar-style":"default","ast-global-header-display":"","ast-banner-title-visibility":"","ast-main-header-display":"","ast-hfb-above-header-display":"","ast-hfb-below-header-display":"","ast-hfb-mobile-header-display":"","site-post-title":"","ast-breadcrumbs-content":"","ast-featured-img":"","footer-sml-layout":"","theme-transparent-header-meta":"","adv-header-id-meta":"","stick-header-meta":"","header-above-stick-meta":"","header-main-stick-meta":"","header-below-stick-meta":"","astra-migrate-meta-layouts":"default","ast-page-background-enabled":"default","ast-page-background-meta":{"desktop":{"background-color":"var(--ast-global-color-5)","background-image":"","background-repeat":"repeat","background-position":"center center","background-size":"auto","background-attachment":"scroll","background-type":"","background-media":"","overlay-type":"","overlay-color":"","overlay-opacity":"","overlay-gradient":""},"tablet":{"background-color":"","background-image":"","background-repeat":"repeat","background-position":"center center","background-size":"auto","background-attachment":"scroll","background-type":"","background-media":"","overlay-type":"","overlay-color":"","overlay-opacity":"","overlay-gradient":""},"mobile":{"background-color":"","background-image":"","background-repeat":"repeat","background-position":"center center","background-size":"auto","background-attachment":"scroll","background-type":"","background-media":"","overlay-type":"","overlay-color":"","overlay-opacity":"","overlay-gradient":""}},"ast-content-background-meta":{"desktop":{"background-color":"var(--ast-global-color-4)","background-image":"","background-repeat":"repeat","background-position":"center center","background-size":"auto","background-attachment":"scroll","background-type":"","background-media":"","overlay-type":"","overlay-color":"","overlay-opacity":"","overlay-gradient":""},"tablet":{"background-color":"var(--ast-global-color-4)","background-image":"","background-repeat":"repeat","background-position":"center center","background-size":"auto","background-attachment":"scroll","background-type":"","background-media":"","overlay-type":"","overlay-color":"","overlay-opacity":"","overlay-gradient":""},"mobile":{"background-color":"var(--ast-global-color-4)","background-image":"","background-repeat":"repeat","background-position":"center center","background-size":"auto","background-attachment":"scroll","background-type":"","background-media":"","overlay-type":"","overlay-color":"","overlay-opacity":"","overlay-gradient":""}},"footnotes":""},"class_list":["post-93","page","type-page","status-publish","hentry"],"uagb_featured_image_src":{"full":false,"thumbnail":false,"medium":false,"medium_large":false,"large":false,"1536x1536":false,"2048x2048":false},"uagb_author_info":{"display_name":"admin","author_link":"https:\/\/ekdesign.ee\/?author=1"},"uagb_comment_info":0,"uagb_excerpt":"Tehtud t\u00f6\u00f6d &#8211; otsi m\u00e4rks\u00f5na j\u00e4rgi: S\u00fcndmused Teemad V\u00e4rvid Materjalid Peopaigad * t\u00e4rniga m\u00e4rgitud kohad on tegevuse l\u00f5petanud!","rttpg_featured_image_url":null,"rttpg_author":{"display_name":"admin","author_link":"https:\/\/ekdesign.ee\/?author=1"},"rttpg_comment":0,"rttpg_category":" <a href=\"https:\/\/ekdesign.ee\/\" rel=\"tag\">Eesti<\/a>","rttpg_excerpt":"Tehtud t\u00f6\u00f6d &#8211; otsi m\u00e4rks\u00f5na j\u00e4rgi: S\u00fcndmused Teemad V\u00e4rvid Materjalid Peopaigad * t\u00e4rniga m\u00e4rgitud kohad on tegevuse l\u00f5petanud!","_links":{"self":[{"href":"https:\/\/ekdesign.ee\/index.php?rest_route=\/wp\/v2\/pages\/93","targetHints":{"allow":["GET"]}}],"collection":[{"href":"https:\/\/ekdesign.ee\/index.php?rest_route=\/wp\/v2\/pages"}],"about":[{"href":"https:\/\/ekdesign.ee\/index.php?rest_route=\/wp\/v2\/types\/page"}],"author":[{"embeddable":true,"href":"https:\/\/ekdesign.ee\/index.php?rest_route=\/wp\/v2\/users\/1"}],"replies":[{"embeddable":true,"href":"https:\/\/ekdesign.ee\/index.php?rest_route=%2Fwp%2Fv2%2Fcomments&post=93"}],"version-history":[{"count":109,"href":"https:\/\/ekdesign.ee\/index.php?rest_route=\/wp\/v2\/pages\/93\/revisions"}],"predecessor-version":[{"id":4489,"href":"https:\/\/ekdesign.ee\/index.php?rest_route=\/wp\/v2\/pages\/93\/revisions\/4489"}],"wp:attachment":[{"href":"https:\/\/ekdesign.ee\/index.php?rest_route=%2Fwp%2Fv2%2Fmedia&parent=93"}],"curies":[{"name":"wp","href":"https:\/\/api.w.org\/{rel}","templated":true}]}}